{"id":63,"date":"2026-02-14T00:35:37","date_gmt":"2026-02-13T23:35:37","guid":{"rendered":"https:\/\/czpmed.pl\/?page_id=63"},"modified":"2026-02-21T00:30:05","modified_gmt":"2026-02-20T23:30:05","slug":"strona-glowna","status":"publish","type":"page","link":"https:\/\/czpmed.pl\/","title":{"rendered":"Strona g\u0142\u00f3wna"},"content":{"rendered":"\n<div class=\"wp-block-media-text is-stacked-on-mobile is-vertically-aligned-top has-theme-palette-3-color has-text-color has-link-color has-medium-font-size wp-elements-cd7d1d23b4f932772937450b0af7f2b0\" style=\"margin-top:0;margin-right:var(--wp--preset--spacing--20);margin-bottom:0;margin-left:var(--wp--preset--spacing--20);padding-top:0;padding-right:var(--wp--preset--spacing--20);padding-bottom:0;padding-left:var(--wp--preset--spacing--20);grid-template-columns:36% auto\"><figure class=\"wp-block-media-text__media\"><img loading=\"lazy\" decoding=\"async\" width=\"1024\" height=\"1024\" src=\"https:\/\/czpmed.pl\/wp-content\/uploads\/2026\/01\/Logo-Psycholog-Skwierczynska-04-1024x1024.jpg\" alt=\"\" class=\"wp-image-8 size-full\" srcset=\"https:\/\/czpmed.pl\/wp-content\/uploads\/2026\/01\/Logo-Psycholog-Skwierczynska-04-1024x1024.jpg 1024w, https:\/\/czpmed.pl\/wp-content\/uploads\/2026\/01\/Logo-Psycholog-Skwierczynska-04-300x300.jpg 300w, https:\/\/czpmed.pl\/wp-content\/uploads\/2026\/01\/Logo-Psycholog-Skwierczynska-04-150x150.jpg 150w, https:\/\/czpmed.pl\/wp-content\/uploads\/2026\/01\/Logo-Psycholog-Skwierczynska-04-768x768.jpg 768w, https:\/\/czpmed.pl\/wp-content\/uploads\/2026\/01\/Logo-Psycholog-Skwierczynska-04-1536x1536.jpg 1536w, https:\/\/czpmed.pl\/wp-content\/uploads\/2026\/01\/Logo-Psycholog-Skwierczynska-04-2048x2048.jpg 2048w\" sizes=\"auto, (max-width: 1024px) 100vw, 1024px\" \/><\/figure><div class=\"wp-block-media-text__content\">\n<h2 class=\"wp-block-heading has-text-align-center has-text-color has-link-color has-large-font-size wp-elements-7e13a1e87e8dd0f545fde3a29184a0f9\" style=\"color:#3a2d18\"><br>Nasza Misja i Warto\u015bci<\/h2>\n\n\n<style>.wp-block-kadence-advancedheading.kt-adv-heading63_0fca7b-7f, .wp-block-kadence-advancedheading.kt-adv-heading63_0fca7b-7f[data-kb-block=\"kb-adv-heading63_0fca7b-7f\"]{text-align:center;font-style:normal;}.wp-block-kadence-advancedheading.kt-adv-heading63_0fca7b-7f mark.kt-highlight, .wp-block-kadence-advancedheading.kt-adv-heading63_0fca7b-7f[data-kb-block=\"kb-adv-heading63_0fca7b-7f\"] mark.kt-highlight{font-style:normal;color:#f76a0c;-webkit-box-decoration-break:clone;box-decoration-break:clone;padding-top:0px;padding-right:0px;padding-bottom:0px;padding-left:0px;}.wp-block-kadence-advancedheading.kt-adv-heading63_0fca7b-7f img.kb-inline-image, .wp-block-kadence-advancedheading.kt-adv-heading63_0fca7b-7f[data-kb-block=\"kb-adv-heading63_0fca7b-7f\"] img.kb-inline-image{width:150px;vertical-align:baseline;}<\/style>\n<p class=\"kt-adv-heading63_0fca7b-7f wp-block-kadence-advancedheading\" data-kb-block=\"kb-adv-heading63_0fca7b-7f\">W Centrum Zdrowia Psychicznego po\u015bwi\u0119camy si\u0119 zapewnianiu pe\u0142nego wsp\u00f3\u0142czucia, poufnego i spersonalizowanego wsparcia w zakresie zdrowia psychicznego osobom w ka\u017cdym wieku. Nasz do\u015bwiadczony zesp\u00f3\u0142 dok\u0142ada wszelkich stara\u0144, aby stworzy\u0107 bezpieczn\u0105 przestrze\u0144, w kt\u00f3rej klienci mog\u0105 znale\u017a\u0107 zrozumienie, nadziej\u0119 i skuteczn\u0105 terapi\u0119 dla wyzwa\u0144 emocjonalnych i psychologicznych. Nasze Centrum Zdrowia Psychicznego to klinika profesjonalnych wykwalifikowanych specjalist\u00f3w. Kt\u00f3rzy zadbaj\u0105 o najwi\u0119kszy standard opieki dla pacjent\u00f3w. Ka\u017cdy jest dla nas unikaln\u0105 osob\u0105, a sesja jest dostosowana do indywidualnych potrzeb i cel\u00f3w.<\/p>\n<\/div><\/div>\n\n\n\n<div class=\"wp-block-columns alignwide has-medium-font-size is-layout-flex wp-container-core-columns-is-layout-b815d019 wp-block-columns-is-layout-flex\" style=\"padding-right:var(--wp--preset--spacing--80);padding-left:var(--wp--preset--spacing--80)\">\n<div class=\"wp-block-column is-vertically-aligned-top is-layout-flow wp-block-column-is-layout-flow\">\n<div class=\"wp-block-media-text is-stacked-on-mobile is-vertically-aligned-center\" style=\"padding-right:var(--wp--preset--spacing--30);padding-left:var(--wp--preset--spacing--30);grid-template-columns:15% auto\"><figure class=\"wp-block-media-text__media\"><img loading=\"lazy\" decoding=\"async\" width=\"500\" height=\"500\" src=\"https:\/\/czpmed.pl\/wp-content\/uploads\/2026\/02\/TELEFON.png\" alt=\"\" class=\"wp-image-184 size-full\" srcset=\"https:\/\/czpmed.pl\/wp-content\/uploads\/2026\/02\/TELEFON.png 500w, https:\/\/czpmed.pl\/wp-content\/uploads\/2026\/02\/TELEFON-300x300.png 300w, https:\/\/czpmed.pl\/wp-content\/uploads\/2026\/02\/TELEFON-150x150.png 150w\" sizes=\"auto, (max-width: 500px) 100vw, 500px\" \/><\/figure><div class=\"wp-block-media-text__content\">\n<h2 class=\"wp-block-heading has-text-align-left has-theme-palette-11-color has-text-color has-link-color wp-elements-0c6748d15742dc2833f123743d1a1bc9\">512 101 417<\/h2>\n<\/div><\/div>\n<\/div>\n\n\n\n<div class=\"wp-block-column is-vertically-aligned-top is-layout-flow wp-block-column-is-layout-flow\">\n<div class=\"wp-block-media-text is-stacked-on-mobile is-vertically-aligned-center\" style=\"grid-template-columns:15% auto\"><figure class=\"wp-block-media-text__media\"><img loading=\"lazy\" decoding=\"async\" width=\"1024\" height=\"1024\" src=\"https:\/\/czpmed.pl\/wp-content\/uploads\/2026\/02\/ChatGPT-Image-31-sty-2026-14_36_57.png\" alt=\"\" class=\"wp-image-185 size-full\" srcset=\"https:\/\/czpmed.pl\/wp-content\/uploads\/2026\/02\/ChatGPT-Image-31-sty-2026-14_36_57.png 1024w, https:\/\/czpmed.pl\/wp-content\/uploads\/2026\/02\/ChatGPT-Image-31-sty-2026-14_36_57-300x300.png 300w, https:\/\/czpmed.pl\/wp-content\/uploads\/2026\/02\/ChatGPT-Image-31-sty-2026-14_36_57-150x150.png 150w, https:\/\/czpmed.pl\/wp-content\/uploads\/2026\/02\/ChatGPT-Image-31-sty-2026-14_36_57-768x768.png 768w\" sizes=\"auto, (max-width: 1024px) 100vw, 1024px\" \/><\/figure><div class=\"wp-block-media-text__content\">\n<h2 class=\"wp-block-heading has-theme-palette-14-color has-text-color has-link-color wp-elements-691667a6da115697665b920724ae6f2e\">czp@psychicznewsparcie.eu<\/h2>\n<\/div><\/div>\n<\/div>\n<\/div>\n","protected":false},"excerpt":{"rendered":"","protected":false},"author":1,"featured_media":0,"parent":0,"menu_order":0,"comment_status":"closed","ping_status":"closed","template":"","meta":{"_kad_post_transparent":"","_kad_post_title":"","_kad_post_layout":"","_kad_post_sidebar_id":"","_kad_post_content_style":"","_kad_post_vertical_padding":"","_kad_post_feature":"","_kad_post_feature_position":"","_kad_post_header":false,"_kad_post_footer":false,"_kad_post_classname":"","footnotes":""},"class_list":["post-63","page","type-page","status-publish","hentry"],"_links":{"self":[{"href":"https:\/\/czpmed.pl\/index.php?rest_route=\/wp\/v2\/pages\/63","targetHints":{"allow":["GET"]}}],"collection":[{"href":"https:\/\/czpmed.pl\/index.php?rest_route=\/wp\/v2\/pages"}],"about":[{"href":"https:\/\/czpmed.pl\/index.php?rest_route=\/wp\/v2\/types\/page"}],"author":[{"embeddable":true,"href":"https:\/\/czpmed.pl\/index.php?rest_route=\/wp\/v2\/users\/1"}],"replies":[{"embeddable":true,"href":"https:\/\/czpmed.pl\/index.php?rest_route=%2Fwp%2Fv2%2Fcomments&post=63"}],"version-history":[{"count":13,"href":"https:\/\/czpmed.pl\/index.php?rest_route=\/wp\/v2\/pages\/63\/revisions"}],"predecessor-version":[{"id":201,"href":"https:\/\/czpmed.pl\/index.php?rest_route=\/wp\/v2\/pages\/63\/revisions\/201"}],"wp:attachment":[{"href":"https:\/\/czpmed.pl\/index.php?rest_route=%2Fwp%2Fv2%2Fmedia&parent=63"}],"curies":[{"name":"wp","href":"https:\/\/api.w.org\/{rel}","templated":true}]}}