{"id":16,"date":"2026-01-31T15:09:37","date_gmt":"2026-01-31T14:09:37","guid":{"rendered":"https:\/\/czpmed.pl\/?page_id=16"},"modified":"2026-02-21T00:18:59","modified_gmt":"2026-02-20T23:18:59","slug":"adres","status":"publish","type":"page","link":"https:\/\/czpmed.pl\/?page_id=16","title":{"rendered":"Adres"},"content":{"rendered":"\n<div class=\"wp-block-media-text is-stacked-on-mobile is-vertically-aligned-center\" style=\"grid-template-columns:38% auto\"><figure class=\"wp-block-media-text__media\"><img loading=\"lazy\" decoding=\"async\" width=\"500\" height=\"500\" src=\"https:\/\/czpmed.pl\/wp-content\/uploads\/2026\/02\/ADRES.png\" alt=\"\" class=\"wp-image-179 size-full\" srcset=\"https:\/\/czpmed.pl\/wp-content\/uploads\/2026\/02\/ADRES.png 500w, https:\/\/czpmed.pl\/wp-content\/uploads\/2026\/02\/ADRES-300x300.png 300w, https:\/\/czpmed.pl\/wp-content\/uploads\/2026\/02\/ADRES-150x150.png 150w\" sizes=\"auto, (max-width: 500px) 100vw, 500px\" \/><\/figure><div class=\"wp-block-media-text__content\">\n<h2 class=\"wp-block-heading has-text-align-center has-theme-palette-11-color has-text-color has-link-color has-large-font-size wp-elements-0eb616ff70f660aa4f036ebc2ce4af50\">Centrum Zdrowia Psychicznego<br>ul. Pi\u0142sudskiego 1, 07-100 W\u0119gr\u00f3w<\/h2>\n<\/div><\/div>\n\n\n\n<p><\/p>\n","protected":false},"excerpt":{"rendered":"<p>Centrum Zdrowia Psychicznegoul. Pi\u0142sudskiego 1, 07-100 W\u0119gr\u00f3w<\/p>\n","protected":false},"author":1,"featured_media":0,"parent":0,"menu_order":0,"comment_status":"closed","ping_status":"closed","template":"","meta":{"_kad_post_transparent":"","_kad_post_title":"","_kad_post_layout":"","_kad_post_sidebar_id":"","_kad_post_content_style":"","_kad_post_vertical_padding":"","_kad_post_feature":"","_kad_post_feature_position":"","_kad_post_header":false,"_kad_post_footer":false,"_kad_post_classname":"","footnotes":""},"class_list":["post-16","page","type-page","status-publish","hentry"],"_links":{"self":[{"href":"https:\/\/czpmed.pl\/index.php?rest_route=\/wp\/v2\/pages\/16","targetHints":{"allow":["GET"]}}],"collection":[{"href":"https:\/\/czpmed.pl\/index.php?rest_route=\/wp\/v2\/pages"}],"about":[{"href":"https:\/\/czpmed.pl\/index.php?rest_route=\/wp\/v2\/types\/page"}],"author":[{"embeddable":true,"href":"https:\/\/czpmed.pl\/index.php?rest_route=\/wp\/v2\/users\/1"}],"replies":[{"embeddable":true,"href":"https:\/\/czpmed.pl\/index.php?rest_route=%2Fwp%2Fv2%2Fcomments&post=16"}],"version-history":[{"count":5,"href":"https:\/\/czpmed.pl\/index.php?rest_route=\/wp\/v2\/pages\/16\/revisions"}],"predecessor-version":[{"id":183,"href":"https:\/\/czpmed.pl\/index.php?rest_route=\/wp\/v2\/pages\/16\/revisions\/183"}],"wp:attachment":[{"href":"https:\/\/czpmed.pl\/index.php?rest_route=%2Fwp%2Fv2%2Fmedia&parent=16"}],"curies":[{"name":"wp","href":"https:\/\/api.w.org\/{rel}","templated":true}]}}