{"id":14,"date":"2026-01-31T15:09:37","date_gmt":"2026-01-31T14:09:37","guid":{"rendered":"https:\/\/czpmed.pl\/?page_id=14"},"modified":"2026-02-15T17:34:20","modified_gmt":"2026-02-15T16:34:20","slug":"mlodziez","status":"publish","type":"page","link":"https:\/\/czpmed.pl\/?page_id=14","title":{"rendered":"M\u0142odzie\u017c"},"content":{"rendered":"\n<div class=\"wp-block-media-text is-stacked-on-mobile\"><figure class=\"wp-block-media-text__media\"><img loading=\"lazy\" decoding=\"async\" width=\"1024\" height=\"1024\" src=\"https:\/\/czpmed.pl\/wp-content\/uploads\/2026\/02\/Logo-Psycholog-Skwierczynska-04-1024x1024.jpg\" alt=\"\" class=\"wp-image-58 size-full\" srcset=\"https:\/\/czpmed.pl\/wp-content\/uploads\/2026\/02\/Logo-Psycholog-Skwierczynska-04-1024x1024.jpg 1024w, https:\/\/czpmed.pl\/wp-content\/uploads\/2026\/02\/Logo-Psycholog-Skwierczynska-04-300x300.jpg 300w, https:\/\/czpmed.pl\/wp-content\/uploads\/2026\/02\/Logo-Psycholog-Skwierczynska-04-150x150.jpg 150w, https:\/\/czpmed.pl\/wp-content\/uploads\/2026\/02\/Logo-Psycholog-Skwierczynska-04-768x768.jpg 768w, https:\/\/czpmed.pl\/wp-content\/uploads\/2026\/02\/Logo-Psycholog-Skwierczynska-04-1536x1536.jpg 1536w, https:\/\/czpmed.pl\/wp-content\/uploads\/2026\/02\/Logo-Psycholog-Skwierczynska-04-2048x2048.jpg 2048w\" sizes=\"auto, (max-width: 1024px) 100vw, 1024px\" \/><\/figure><div class=\"wp-block-media-text__content\">\n<p class=\"has-text-align-center has-theme-palette-14-color has-text-color has-link-color has-large-font-size wp-elements-d5d866c52757f1f271ffc0c1e76cafff\" style=\"margin-right:var(--wp--preset--spacing--30);margin-left:var(--wp--preset--spacing--30)\"><br><strong>Twoje emocje maj\u0105 znaczenie &#8211; jeste\u015bmy tu, by Ci\u0119 wspiera\u0107<\/strong><\/p>\n\n\n\n<p class=\"has-text-align-left has-medium-font-size\" style=\"margin-right:var(--wp--preset--spacing--30);margin-left:var(--wp--preset--spacing--30)\"><strong>Dorastanie to czas intensywnych zmian, emocji i wyzwa\u0144. W Centrum Zdrowia Psychicznego rozumiemy, jak trudno czasem poradzi\u0107 sobie z presj\u0105 szko\u0142y, relacjami r\u00f3wie\u015bniczymi czy w\u0142asnymi uczuciami. Nasza Poradnia Zdrowia Psychicznego dla Dzieci i M\u0142odzie\u017cy oferuje pomoc dla os\u00f3b do 18. roku \u017cycia, kt\u00f3re:<\/strong><\/p>\n\n\n\n<ul class=\"wp-block-list\">\n<li><strong>do\u015bwiadczaj\u0105 l\u0119k\u00f3w, smutku lub nag\u0142ych zmian nastroju,<\/strong><\/li>\n\n\n\n<li><strong>maj\u0105 trudno\u015bci w relacjach z r\u00f3wie\u015bnikami lub rodzin\u0105,<\/strong><\/li>\n\n\n\n<li><strong>zmagaj\u0105 si\u0119 z problemami w nauce lub koncentracji,<\/strong><\/li>\n\n\n\n<li><strong>prze\u017cywaj\u0105 kryzysy emocjonalne lub to\u017csamo\u015bciowe.<\/strong><\/li>\n<\/ul>\n\n\n\n<p class=\"has-text-align-left has-medium-font-size\"><strong>Zapraszamy tak\u017ce rodzic\u00f3w, kt\u00f3rzy zauwa\u017caj\u0105 niepokoj\u0105ce zmiany w zachowaniu swoich dzieci lub maj\u0105 w\u0105tpliwo\u015bci wychowawcze. Wsp\u00f3lnie poszukamy najlepszych rozwi\u0105za\u0144, aby przywr\u00f3ci\u0107 r\u00f3wnowag\u0119 i spok\u00f3j w \u017cyciu m\u0142odego cz\u0142owieka.<\/strong><\/p>\n<\/div><\/div>\n\n\n<div class=\"wp-block-image\">\n<figure class=\"aligncenter size-large\"><img loading=\"lazy\" decoding=\"async\" width=\"1024\" height=\"768\" src=\"https:\/\/czpmed.pl\/wp-content\/uploads\/2026\/02\/ZAMIAST-TEGO-40-x-30-cm-1024x768.png\" alt=\"\" class=\"wp-image-174\" srcset=\"https:\/\/czpmed.pl\/wp-content\/uploads\/2026\/02\/ZAMIAST-TEGO-40-x-30-cm-1024x768.png 1024w, https:\/\/czpmed.pl\/wp-content\/uploads\/2026\/02\/ZAMIAST-TEGO-40-x-30-cm-300x225.png 300w, https:\/\/czpmed.pl\/wp-content\/uploads\/2026\/02\/ZAMIAST-TEGO-40-x-30-cm-768x576.png 768w, https:\/\/czpmed.pl\/wp-content\/uploads\/2026\/02\/ZAMIAST-TEGO-40-x-30-cm-1536x1152.png 1536w, https:\/\/czpmed.pl\/wp-content\/uploads\/2026\/02\/ZAMIAST-TEGO-40-x-30-cm.png 2000w\" sizes=\"auto, (max-width: 1024px) 100vw, 1024px\" \/><\/figure>\n<\/div>\n\n\n<div style=\"height:100px\" aria-hidden=\"true\" class=\"wp-block-spacer\"><\/div>\n","protected":false},"excerpt":{"rendered":"","protected":false},"author":1,"featured_media":0,"parent":0,"menu_order":0,"comment_status":"closed","ping_status":"closed","template":"","meta":{"_kad_post_transparent":"","_kad_post_title":"","_kad_post_layout":"","_kad_post_sidebar_id":"","_kad_post_content_style":"","_kad_post_vertical_padding":"","_kad_post_feature":"","_kad_post_feature_position":"","_kad_post_header":false,"_kad_post_footer":false,"_kad_post_classname":"","footnotes":""},"class_list":["post-14","page","type-page","status-publish","hentry"],"_links":{"self":[{"href":"https:\/\/czpmed.pl\/index.php?rest_route=\/wp\/v2\/pages\/14","targetHints":{"allow":["GET"]}}],"collection":[{"href":"https:\/\/czpmed.pl\/index.php?rest_route=\/wp\/v2\/pages"}],"about":[{"href":"https:\/\/czpmed.pl\/index.php?rest_route=\/wp\/v2\/types\/page"}],"author":[{"embeddable":true,"href":"https:\/\/czpmed.pl\/index.php?rest_route=\/wp\/v2\/users\/1"}],"replies":[{"embeddable":true,"href":"https:\/\/czpmed.pl\/index.php?rest_route=%2Fwp%2Fv2%2Fcomments&post=14"}],"version-history":[{"count":11,"href":"https:\/\/czpmed.pl\/index.php?rest_route=\/wp\/v2\/pages\/14\/revisions"}],"predecessor-version":[{"id":178,"href":"https:\/\/czpmed.pl\/index.php?rest_route=\/wp\/v2\/pages\/14\/revisions\/178"}],"wp:attachment":[{"href":"https:\/\/czpmed.pl\/index.php?rest_route=%2Fwp%2Fv2%2Fmedia&parent=14"}],"curies":[{"name":"wp","href":"https:\/\/api.w.org\/{rel}","templated":true}]}}