{"id":13,"date":"2026-01-31T15:09:37","date_gmt":"2026-01-31T14:09:37","guid":{"rendered":"https:\/\/czpmed.pl\/?page_id=13"},"modified":"2026-02-14T01:44:33","modified_gmt":"2026-02-14T00:44:33","slug":"dzieci","status":"publish","type":"page","link":"https:\/\/czpmed.pl\/?page_id=13","title":{"rendered":"Dzieci"},"content":{"rendered":"<style>.kb-image13_62953f-4c .kb-image-has-overlay:after{opacity:0.3;}<\/style>\n<figure class=\"wp-block-kadence-image kb-image13_62953f-4c alignwide size-large\"><img loading=\"lazy\" decoding=\"async\" width=\"1024\" height=\"384\" src=\"https:\/\/czpmed.pl\/wp-content\/uploads\/2026\/02\/naglowek-1024x384.png\" alt=\"\" class=\"kb-img wp-image-70\" srcset=\"https:\/\/czpmed.pl\/wp-content\/uploads\/2026\/02\/naglowek-1024x384.png 1024w, https:\/\/czpmed.pl\/wp-content\/uploads\/2026\/02\/naglowek-300x113.png 300w, https:\/\/czpmed.pl\/wp-content\/uploads\/2026\/02\/naglowek-768x288.png 768w, https:\/\/czpmed.pl\/wp-content\/uploads\/2026\/02\/naglowek-1536x576.png 1536w, https:\/\/czpmed.pl\/wp-content\/uploads\/2026\/02\/naglowek.png 1600w\" sizes=\"auto, (max-width: 1024px) 100vw, 1024px\" \/><\/figure>\n\n\n\n<h2 class=\"wp-block-heading has-text-align-center has-theme-palette-11-color has-text-color has-link-color has-large-font-size wp-elements-23179131b23522316ad63d16fc6e719a\" style=\"margin-right:var(--wp--preset--spacing--20);margin-left:var(--wp--preset--spacing--20)\">Poznaj nasze kompleksowe us\u0142ugi w zakresie zdrowia psychicznego<\/h2>\n\n\n\n<p class=\"has-text-align-center has-medium-font-size\" style=\"margin-right:var(--wp--preset--spacing--20);margin-left:var(--wp--preset--spacing--20)\"><strong>W Centrum Zdrowia Psychicznego oferujemy szereg us\u0142ug dostosowanych do r\u00f3\u017cnorodnych potrzeb dzieci, m\u0142odzie\u017cy i doros\u0142ych. Nasz oddany zesp\u00f3\u0142 profesjonalist\u00f3w dok\u0142ada wszelkich stara\u0144, aby zapewni\u0107 wsp\u00f3\u0142czuj\u0105c\u0105 i skuteczn\u0105 opiek\u0119, wspieraj\u0105c\u0105 Twoje zdrowie psychiczne i emocjonalne. Dowiedz si\u0119, jak nasze us\u0142ugi mog\u0105 pom\u00f3c Tobie lub Twoim bliskim.<\/strong><\/p>\n\n\n\n<div class=\"wp-block-columns is-layout-flex wp-container-core-columns-is-layout-9d6595d7 wp-block-columns-is-layout-flex\">\n<div class=\"wp-block-column is-layout-flow wp-block-column-is-layout-flow\" style=\"padding-right:var(--wp--preset--spacing--20);padding-left:var(--wp--preset--spacing--20);flex-basis:100%\"><style>.kadence-column13_9b1761-47 > .kt-inside-inner-col,.kadence-column13_9b1761-47 > .kt-inside-inner-col:before{border-top-left-radius:0px;border-top-right-radius:0px;border-bottom-right-radius:0px;border-bottom-left-radius:0px;}.kadence-column13_9b1761-47 > .kt-inside-inner-col{column-gap:var(--global-kb-gap-sm, 1rem);}.kadence-column13_9b1761-47 > .kt-inside-inner-col{flex-direction:column;}.kadence-column13_9b1761-47 > .kt-inside-inner-col > .aligncenter{width:100%;}.kadence-column13_9b1761-47 > .kt-inside-inner-col:before{opacity:0.3;}.kadence-column13_9b1761-47{position:relative;}@media all and (max-width: 1024px){.kadence-column13_9b1761-47 > .kt-inside-inner-col{flex-direction:column;justify-content:center;}}@media all and (max-width: 767px){.kadence-column13_9b1761-47 > .kt-inside-inner-col{flex-direction:column;justify-content:center;}}<\/style>\n<div class=\"wp-block-kadence-column kadence-column13_9b1761-47\"><div class=\"kt-inside-inner-col\">\n<div class=\"wp-block-columns is-layout-flex wp-container-core-columns-is-layout-9d6595d7 wp-block-columns-is-layout-flex\">\n<div class=\"wp-block-column is-layout-flow wp-block-column-is-layout-flow\" style=\"padding-right:var(--wp--preset--spacing--20);padding-left:var(--wp--preset--spacing--20)\"><div class=\"wp-block-image\">\n<figure class=\"aligncenter size-large\"><img loading=\"lazy\" decoding=\"async\" width=\"1024\" height=\"683\" src=\"https:\/\/czpmed.pl\/wp-content\/uploads\/2026\/02\/file_0000000036187243b23158c3f309604d-1024x683.png\" alt=\"\" class=\"wp-image-88\" srcset=\"https:\/\/czpmed.pl\/wp-content\/uploads\/2026\/02\/file_0000000036187243b23158c3f309604d-1024x683.png 1024w, https:\/\/czpmed.pl\/wp-content\/uploads\/2026\/02\/file_0000000036187243b23158c3f309604d-300x200.png 300w, https:\/\/czpmed.pl\/wp-content\/uploads\/2026\/02\/file_0000000036187243b23158c3f309604d-768x512.png 768w, https:\/\/czpmed.pl\/wp-content\/uploads\/2026\/02\/file_0000000036187243b23158c3f309604d.png 1536w\" sizes=\"auto, (max-width: 1024px) 100vw, 1024px\" \/><\/figure>\n<\/div>\n\n\n<h4 class=\"wp-block-heading has-text-align-center has-theme-palette-11-color has-text-color has-link-color has-medium-font-size wp-elements-f53e83d692d40382a3ffd198e75b6ac3\" style=\"margin-right:var(--wp--preset--spacing--20);margin-left:var(--wp--preset--spacing--20)\"><strong>Indywidualne sesje terapeutyczne<\/strong><\/h4>\n\n\n\n<h3 class=\"wp-block-heading has-text-align-center has-small-font-size\" style=\"margin-right:var(--wp--preset--spacing--20);margin-left:var(--wp--preset--spacing--20)\">Spersonalizowane sesje terapeutyczne maj\u0105ce na celu zaspokojenie Twoich specyficznych potrzeb emocjonalnych i zwi\u0105zanych ze zdrowiem psychicznym. Nasi terapeuci wykorzystuj\u0105 techniki oparte na dowodach, aby pom\u00f3c Ci pokona\u0107 wyzwania i osi\u0105gn\u0105\u0107 rozw\u00f3j osobisty.<\/h3>\n<\/div>\n\n\n\n<div class=\"wp-block-column is-layout-flow wp-block-column-is-layout-flow\"><div class=\"wp-block-image\">\n<figure class=\"aligncenter size-large\"><img loading=\"lazy\" decoding=\"async\" width=\"1024\" height=\"683\" src=\"https:\/\/czpmed.pl\/wp-content\/uploads\/2026\/02\/file_00000000354c7243ac6c97bffe2c51a4-2-1024x683.png\" alt=\"\" class=\"wp-image-89\" srcset=\"https:\/\/czpmed.pl\/wp-content\/uploads\/2026\/02\/file_00000000354c7243ac6c97bffe2c51a4-2-1024x683.png 1024w, https:\/\/czpmed.pl\/wp-content\/uploads\/2026\/02\/file_00000000354c7243ac6c97bffe2c51a4-2-300x200.png 300w, https:\/\/czpmed.pl\/wp-content\/uploads\/2026\/02\/file_00000000354c7243ac6c97bffe2c51a4-2-768x512.png 768w, https:\/\/czpmed.pl\/wp-content\/uploads\/2026\/02\/file_00000000354c7243ac6c97bffe2c51a4-2.png 1536w\" sizes=\"auto, (max-width: 1024px) 100vw, 1024px\" \/><\/figure>\n<\/div>\n\n\n<h4 class=\"wp-block-heading has-text-align-center has-theme-palette-11-color has-text-color has-link-color has-medium-font-size wp-elements-f80ac4e3c00315ee9ecf2222db141370\"><strong>Terapia grupowa<\/strong><\/h4>\n\n\n\n<h3 class=\"wp-block-heading has-text-align-center has-small-font-size\" style=\"margin-right:var(--wp--preset--spacing--20);margin-left:var(--wp--preset--spacing--20)\">Sesje grupowe prowadzone przez moderatora, kt\u00f3re wspieraj\u0105 wzajemn\u0105 pomoc i wymian\u0119 do\u015bwiadcze\u0144 dla r\u00f3\u017cnych grup wiekowych borykaj\u0105cych si\u0119 z podobnymi problemami. Zach\u0119ca do kontakt\u00f3w spo\u0142ecznych i r\u00f3\u017cnorodnych perspektyw.<\/h3>\n<\/div>\n\n\n\n<div class=\"wp-block-column is-layout-flow wp-block-column-is-layout-flow\" style=\"padding-right:var(--wp--preset--spacing--30);padding-left:var(--wp--preset--spacing--30)\"><div class=\"wp-block-image\">\n<figure class=\"aligncenter size-large\"><img loading=\"lazy\" decoding=\"async\" width=\"1024\" height=\"683\" src=\"https:\/\/czpmed.pl\/wp-content\/uploads\/2026\/02\/file_00000000122471f4b727a3af218c39c8-1024x683.png\" alt=\"\" class=\"wp-image-94\" srcset=\"https:\/\/czpmed.pl\/wp-content\/uploads\/2026\/02\/file_00000000122471f4b727a3af218c39c8-1024x683.png 1024w, https:\/\/czpmed.pl\/wp-content\/uploads\/2026\/02\/file_00000000122471f4b727a3af218c39c8-300x200.png 300w, https:\/\/czpmed.pl\/wp-content\/uploads\/2026\/02\/file_00000000122471f4b727a3af218c39c8-768x512.png 768w, https:\/\/czpmed.pl\/wp-content\/uploads\/2026\/02\/file_00000000122471f4b727a3af218c39c8.png 1536w\" sizes=\"auto, (max-width: 1024px) 100vw, 1024px\" \/><\/figure>\n<\/div>\n\n\n<h4 class=\"wp-block-heading has-text-align-center has-theme-palette-11-color has-text-color has-link-color has-medium-font-size wp-elements-c18bc51ca7ba0bbc1f9ac5df2b140eb5\" style=\"margin-top:0;margin-right:var(--wp--preset--spacing--20);margin-bottom:0;margin-left:var(--wp--preset--spacing--20)\"><strong>Konsultacje rodzinne<\/strong><\/h4>\n\n\n\n<h3 class=\"wp-block-heading has-text-align-center has-small-font-size\">Sesje terapeutyczne maj\u0105ce na celu popraw\u0119 komunikacji w rodzinie, rozwi\u0105zywanie konflikt\u00f3w i wzmacnianie relacji. Wspiera zdrowy rozw\u00f3j i sprzyja wspieraj\u0105cemu \u015brodowisku domowemu.<\/h3>\n<\/div>\n<\/div>\n<\/div><\/div>\n<\/div>\n<\/div>\n\n\n\n<div class=\"wp-block-columns is-layout-flex wp-container-core-columns-is-layout-9d6595d7 wp-block-columns-is-layout-flex\">\n<div class=\"wp-block-column is-layout-flow wp-block-column-is-layout-flow\" style=\"padding-right:var(--wp--preset--spacing--30);padding-left:var(--wp--preset--spacing--30)\"><div class=\"wp-block-image\">\n<figure class=\"aligncenter size-large\"><img loading=\"lazy\" decoding=\"async\" width=\"1024\" height=\"683\" src=\"https:\/\/czpmed.pl\/wp-content\/uploads\/2026\/02\/terapia-reki-1024x683.png\" alt=\"\" class=\"wp-image-98\" srcset=\"https:\/\/czpmed.pl\/wp-content\/uploads\/2026\/02\/terapia-reki-1024x683.png 1024w, https:\/\/czpmed.pl\/wp-content\/uploads\/2026\/02\/terapia-reki-300x200.png 300w, https:\/\/czpmed.pl\/wp-content\/uploads\/2026\/02\/terapia-reki-768x512.png 768w, https:\/\/czpmed.pl\/wp-content\/uploads\/2026\/02\/terapia-reki.png 1536w\" sizes=\"auto, (max-width: 1024px) 100vw, 1024px\" \/><\/figure>\n<\/div>\n\n\n<h4 class=\"wp-block-heading has-text-align-center has-theme-palette-11-color has-text-color has-link-color has-medium-font-size wp-elements-ae77f8d6d05de57bcb7c8cb5e390480d\"><strong>Terapia r\u0119ki I i II stopie\u0144<\/strong><\/h4>\n\n\n\n<h3 class=\"wp-block-heading has-text-align-center has-small-font-size\" style=\"margin-right:var(--wp--preset--spacing--20);margin-left:var(--wp--preset--spacing--20)\">Terapia r\u0119ki to zestaw indywidualnie dopasowanych \u0107wicze\u0144 i dzia\u0142a\u0144. maj\u0105cych na celu usprawnienie motoryki ma\u0142ej i ca\u0142ej ko\u0144czyny g\u00f3rnej u dzieci i doros\u0142ych, kt\u00f3rzy maj\u0105 problemy z ruchami precyzyjnymi d\u0142oni, koordynacj\u0105, si\u0142\u0105. Terapeuta dobiera \u0107wiczenia i metody pracy do potrzeb i mo\u017cliwo\u015bci ka\u017cdego pacjenta. Wykorzystuje si\u0119 zabawy manipulacyjne, \u0107wiczenia z r\u00f3\u017cnymi materia\u0142ami (piasek kinetyczny, masa, plastelina), narz\u0119dzia rehabilitacyjne, a tak\u017ce metody manualne i nowoczesne urz\u0105dzenia.<\/h3>\n<\/div>\n\n\n\n<div class=\"wp-block-column is-layout-flow wp-block-column-is-layout-flow\"><div class=\"wp-block-image\">\n<figure class=\"aligncenter size-large\"><img loading=\"lazy\" decoding=\"async\" width=\"1024\" height=\"683\" src=\"https:\/\/czpmed.pl\/wp-content\/uploads\/2026\/02\/terapia-wczesnoszkolna-1024x683.png\" alt=\"\" class=\"wp-image-100\" srcset=\"https:\/\/czpmed.pl\/wp-content\/uploads\/2026\/02\/terapia-wczesnoszkolna-1024x683.png 1024w, https:\/\/czpmed.pl\/wp-content\/uploads\/2026\/02\/terapia-wczesnoszkolna-300x200.png 300w, https:\/\/czpmed.pl\/wp-content\/uploads\/2026\/02\/terapia-wczesnoszkolna-768x512.png 768w, https:\/\/czpmed.pl\/wp-content\/uploads\/2026\/02\/terapia-wczesnoszkolna.png 1536w\" sizes=\"auto, (max-width: 1024px) 100vw, 1024px\" \/><\/figure>\n<\/div>\n\n\n<h4 class=\"wp-block-heading has-text-align-center has-theme-palette-11-color has-text-color has-link-color has-medium-font-size wp-elements-197204b47df6235f38dca6d1e2ecaec5\"><strong>Pedagog specjalny<\/strong><br><strong> (przygotowanie wczesnoszkolne I-III)<\/strong><\/h4>\n\n\n\n<h3 class=\"wp-block-heading has-text-align-center has-small-font-size\">Do\u0142\u0105cz do naszych sesji terapii grupowej, aby nawi\u0105za\u0107 kontakt z innymi osobami stoj\u0105cymi przed podobnymi wyzwaniami. Skorzystaj z dzielenia si\u0119 do\u015bwiadczeniami i wsparcia r\u00f3wie\u015bniczego w bezpiecznym i poufnym \u015brodowisku, prowadzonym przez naszych wykwalifikowanych terapeut\u00f3w.<\/h3>\n<\/div>\n\n\n\n<div class=\"wp-block-column is-layout-flow wp-block-column-is-layout-flow\"><style>.kb-image13_886c30-b0.kb-image-is-ratio-size, .kb-image13_886c30-b0 .kb-image-is-ratio-size{max-width:304px;width:100%;}.wp-block-kadence-column > .kt-inside-inner-col > .kb-image13_886c30-b0.kb-image-is-ratio-size, .wp-block-kadence-column > .kt-inside-inner-col > .kb-image13_886c30-b0 .kb-image-is-ratio-size{align-self:unset;}.kb-image13_886c30-b0 figure{max-width:304px;}.kb-image13_886c30-b0 .image-is-svg, .kb-image13_886c30-b0 .image-is-svg img{width:100%;}.kb-image13_886c30-b0 .kb-image-has-overlay:after{opacity:0.3;}<\/style>\n<div class=\"wp-block-kadence-image kb-image13_886c30-b0\"><figure class=\"aligncenter size-large\"><img loading=\"lazy\" decoding=\"async\" width=\"1024\" height=\"1024\" src=\"https:\/\/czpmed.pl\/wp-content\/uploads\/2026\/02\/Logo-Psycholog-Skwierczynska-04-1024x1024.jpg\" alt=\"\" class=\"kb-img wp-image-58\" srcset=\"https:\/\/czpmed.pl\/wp-content\/uploads\/2026\/02\/Logo-Psycholog-Skwierczynska-04-1024x1024.jpg 1024w, https:\/\/czpmed.pl\/wp-content\/uploads\/2026\/02\/Logo-Psycholog-Skwierczynska-04-300x300.jpg 300w, https:\/\/czpmed.pl\/wp-content\/uploads\/2026\/02\/Logo-Psycholog-Skwierczynska-04-150x150.jpg 150w, https:\/\/czpmed.pl\/wp-content\/uploads\/2026\/02\/Logo-Psycholog-Skwierczynska-04-768x768.jpg 768w, https:\/\/czpmed.pl\/wp-content\/uploads\/2026\/02\/Logo-Psycholog-Skwierczynska-04-1536x1536.jpg 1536w, https:\/\/czpmed.pl\/wp-content\/uploads\/2026\/02\/Logo-Psycholog-Skwierczynska-04-2048x2048.jpg 2048w\" sizes=\"auto, (max-width: 1024px) 100vw, 1024px\" \/><\/figure><\/div>\n\n\n\n<figure class=\"wp-block-image alignwide size-large has-custom-border is-style-rounded\"><img loading=\"lazy\" decoding=\"async\" width=\"1024\" height=\"683\" src=\"https:\/\/czpmed.pl\/wp-content\/uploads\/2026\/02\/20260102_063309_0000-1024x683.png\" alt=\"\" class=\"wp-image-112\" style=\"border-style:none;border-width:0px\" srcset=\"https:\/\/czpmed.pl\/wp-content\/uploads\/2026\/02\/20260102_063309_0000-1024x683.png 1024w, https:\/\/czpmed.pl\/wp-content\/uploads\/2026\/02\/20260102_063309_0000-300x200.png 300w, https:\/\/czpmed.pl\/wp-content\/uploads\/2026\/02\/20260102_063309_0000-768x512.png 768w, https:\/\/czpmed.pl\/wp-content\/uploads\/2026\/02\/20260102_063309_0000.png 1536w\" sizes=\"auto, (max-width: 1024px) 100vw, 1024px\" \/><\/figure>\n<\/div>\n<\/div>\n","protected":false},"excerpt":{"rendered":"<p>Poznaj nasze kompleksowe us\u0142ugi w zakresie zdrowia psychicznego W Centrum Zdrowia Psychicznego oferujemy szereg us\u0142ug dostosowanych do r\u00f3\u017cnorodnych potrzeb dzieci, m\u0142odzie\u017cy i doros\u0142ych. Nasz oddany zesp\u00f3\u0142 profesjonalist\u00f3w dok\u0142ada wszelkich stara\u0144, aby zapewni\u0107 wsp\u00f3\u0142czuj\u0105c\u0105 i skuteczn\u0105 opiek\u0119, wspieraj\u0105c\u0105 Twoje zdrowie psychiczne i emocjonalne. Dowiedz si\u0119, jak nasze us\u0142ugi mog\u0105 pom\u00f3c Tobie lub Twoim bliskim. Indywidualne sesje&#8230;<\/p>\n","protected":false},"author":1,"featured_media":61,"parent":0,"menu_order":0,"comment_status":"closed","ping_status":"closed","template":"","meta":{"_kad_post_transparent":"","_kad_post_title":"","_kad_post_layout":"","_kad_post_sidebar_id":"","_kad_post_content_style":"","_kad_post_vertical_padding":"","_kad_post_feature":"","_kad_post_feature_position":"","_kad_post_header":false,"_kad_post_footer":false,"_kad_post_classname":"","footnotes":""},"class_list":["post-13","page","type-page","status-publish","has-post-thumbnail","hentry"],"_links":{"self":[{"href":"https:\/\/czpmed.pl\/index.php?rest_route=\/wp\/v2\/pages\/13","targetHints":{"allow":["GET"]}}],"collection":[{"href":"https:\/\/czpmed.pl\/index.php?rest_route=\/wp\/v2\/pages"}],"about":[{"href":"https:\/\/czpmed.pl\/index.php?rest_route=\/wp\/v2\/types\/page"}],"author":[{"embeddable":true,"href":"https:\/\/czpmed.pl\/index.php?rest_route=\/wp\/v2\/users\/1"}],"replies":[{"embeddable":true,"href":"https:\/\/czpmed.pl\/index.php?rest_route=%2Fwp%2Fv2%2Fcomments&post=13"}],"version-history":[{"count":54,"href":"https:\/\/czpmed.pl\/index.php?rest_route=\/wp\/v2\/pages\/13\/revisions"}],"predecessor-version":[{"id":143,"href":"https:\/\/czpmed.pl\/index.php?rest_route=\/wp\/v2\/pages\/13\/revisions\/143"}],"wp:featuredmedia":[{"embeddable":true,"href":"https:\/\/czpmed.pl\/index.php?rest_route=\/wp\/v2\/media\/61"}],"wp:attachment":[{"href":"https:\/\/czpmed.pl\/index.php?rest_route=%2Fwp%2Fv2%2Fmedia&parent=13"}],"curies":[{"name":"wp","href":"https:\/\/api.w.org\/{rel}","templated":true}]}}